{"id":16610,"date":"2026-01-30T10:27:19","date_gmt":"2026-01-30T09:27:19","guid":{"rendered":"https:\/\/mateujofreterrassa.wp1.rwdesarrollos.es\/inici\/"},"modified":"2026-03-26T12:13:12","modified_gmt":"2026-03-26T11:13:12","slug":"inici","status":"publish","type":"page","link":"https:\/\/mateujofreterrassa.wp1.rwdesarrollos.es\/ca\/","title":{"rendered":"Inici"},"content":{"rendered":"\n<section class=\"hero-section\">\n\t<div class=\"hero-container\">\n\t\t<div class=\"hero-content\">\n\t\t\t<div class=\"hero-text\">\n\t\t\t\t<h1 class=\"hero-title\">\n\t\t\t\t\t<span class=\"hero-title-light\">La teva salut dental<\/span>\n\t\t\t\t\t<span class=\"hero-title-bold\">en les millors mans<\/span>\n\t\t\t\t<\/h1>\n\t\t\t\t<p class=\"hero-description\">\n\t\t\t\t\tCl\u00ednica dental de confian\u00e7a a Alc\u00fadia, Mallorca. Cuidem el teu somriure amb professionalitat, tecnologia avan\u00e7ada i atenci\u00f3 personalitzada.\t\t\t\t<\/p>\n\t\t\t\t<a href=\"https:\/\/mateujofreterrassa.wp1.rwdesarrollos.es\/ca\/contacto\/\" class=\"btn btn--accent\">\n\t\t\t\t\tPren una cita\t\t\t\t<\/a>\n\t\t\t\t<div class=\"hero-stats\">\n\t\t\t\t\t<div class=\"stat-badge\">\n\t\t\t\t\t\t<div class=\"stat-number\"><\/div>\n\t\t\t\t\t\t<div class=\"stat-label\"><\/div>\n\t\t\t\t\t<\/div>\n\t\t\t\t\t<div class=\"stat-badge\">\n\t\t\t\t\t\t<div class=\"stat-number\"><\/div>\n\t\t\t\t\t\t<div class=\"stat-label\"><\/div>\n\t\t\t\t\t<\/div>\n\t\t\t\t<\/div>\n\t\t\t<\/div>\n\t\t\t<div class=\"hero-image\">\n\t\t\t\t\t\t\t\t\t<img decoding=\"async\" src=\"https:\/\/mateujofreterrassa.wp1.rwdesarrollos.es\/wp-content\/uploads\/2026\/02\/556515837_786952510754084_7880884300672208160_n.jpg\" alt=\"\" loading=\"lazy\">\n\t\t\t\t\t\t\t<\/div>\n\t\t<\/div>\n\t<\/div>\n<\/section>\n\n<section class=\"trust-section\">\n\t<div class=\"section-container\">\n\t\t<div class=\"trust-grid\">\n\t\t\t<div class=\"trust-image\">\n\t\t\t\t\t\t\t\t\t<img decoding=\"async\" src=\"https:\/\/mateujofreterrassa.wp1.rwdesarrollos.es\/wp-content\/uploads\/2026\/02\/514477228_713625904753412_1355735648470140247_n.jpg\" alt=\"\" style=\"width: 100%; aspect-ratio: 1\/1; border-radius: var(--radius-xl); object-fit: cover;\" loading=\"lazy\">\n\t\t\t\t\t\t\t<\/div>\n\t\t\t<div class=\"trust-content\">\n\t\t\t\t<div class=\"trust-number\"><\/div>\n\t\t\t\t<h2 class=\"section-title\">Per qu\u00e8 confiar en nosaltres?<\/h2>\n\t\t\t\t\t\t\t\t\t<p class=\"trust-text\">Som una cl\u00ednica dental amb m\u00e9s de 15 anys d&#039;experi\u00e8ncia a Alc\u00fadia, compromesa amb l&#039;excel\u00b7l\u00e8ncia en cada tractament. El nostre equip de professionals altament qualificats utilitza les \u00faltimes tecnologies per garantir els millors resultats.<\/p>\n\t\t\t\t\t\t\t\t\t\t\t\t\t<p class=\"trust-text\">Oferim un entorn acollidor i amable, on cada pacient rep una atenci\u00f3 personalitzada i se sent com a casa.<\/p>\n\t\t\t\t\t\t\t\t<a href=\"https:\/\/mateujofreterrassa.wp1.rwdesarrollos.es\/ca\/sobre-nosotros\/\" class=\"btn btn--primary\">\n\t\t\t\t\tSobre nosotros\t\t\t\t<\/a>\n\t\t\t<\/div>\n\t\t<\/div>\n\t<\/div>\n<\/section>\n\n<section class=\"services-section\">\n\t<div class=\"section-container\">\n\t\t<div class=\"services-layout\">\n\t\t\t<div class=\"services-header\">\n\t\t\t\t<h2 class=\"section-title-large\">\n\t\t\t\t\tCom podem<br>\n\t\t\t\t\tajudar-te?\t\t\t\t<\/h2>\n\t\t\t\t\t\t\t\t\t<p class=\"services-subtitle\">Som aqu\u00ed per escoltar-te i trobar la millor soluci\u00f3 per al teu somriure.<\/p>\n\t\t\t\t\t\t\t<\/div>\n\t\t\t<div class=\"services-grid\">\n\t\t\t\t\n\n<div class=\"service-card\">\n\t<div class=\"service-icon\">\n\t\t<svg width=\"40\" height=\"40\" viewBox=\"0 0 40 40\" fill=\"none\" xmlns=\"http:\/\/www.w3.org\/2000\/svg\"><rect width=\"40\" height=\"40\" rx=\"8\" fill=\"currentColor\" opacity=\"0.1\" \/><path d=\"M20 12v16M12 20h16\" stroke=\"currentColor\" stroke-width=\"2\" stroke-linecap=\"round\" \/><\/svg>\t<\/div>\n\t<h3 class=\"service-title\">Odontologia preventiva <\/h3>\n\t<p class=\"service-description\">Prevenci\u00f3 i diagn\u00f2stic preco\u00e7 per mantenir la teva salut bucodental \u00f2ptima. <\/p>\n<\/div>\n\n\n\n<div class=\"service-card\">\n\t<div class=\"service-icon\">\n\t\t<svg width=\"40\" height=\"40\" viewBox=\"0 0 40 40\" fill=\"none\" xmlns=\"http:\/\/www.w3.org\/2000\/svg\"><rect width=\"40\" height=\"40\" rx=\"8\" fill=\"currentColor\" opacity=\"0.1\" \/><path d=\"M20 12v16M12 20h16\" stroke=\"currentColor\" stroke-width=\"2\" stroke-linecap=\"round\" \/><\/svg>\t<\/div>\n\t<h3 class=\"service-title\">Ortod\u00f2ncia <\/h3>\n\t<p class=\"service-description\">Tractaments personalitzats per alinear el teu somriure de manera efica\u00e7. <\/p>\n<\/div>\n\n\n\n<div class=\"service-card\">\n\t<div class=\"service-icon\">\n\t\t<svg width=\"40\" height=\"40\" viewBox=\"0 0 40 40\" fill=\"none\" xmlns=\"http:\/\/www.w3.org\/2000\/svg\"><rect width=\"40\" height=\"40\" rx=\"8\" fill=\"currentColor\" opacity=\"0.1\" \/><path d=\"M20 12v16M12 20h16\" stroke=\"currentColor\" stroke-width=\"2\" stroke-linecap=\"round\" \/><\/svg>\t<\/div>\n\t<h3 class=\"service-title\">Implantologia <\/h3>\n\t<p class=\"service-description\">Solucions duradores per substituir les dents perdudes. <\/p>\n<\/div>\n\n\n\n<div class=\"service-card\">\n\t<div class=\"service-icon\">\n\t\t<svg width=\"40\" height=\"40\" viewBox=\"0 0 40 40\" fill=\"none\" xmlns=\"http:\/\/www.w3.org\/2000\/svg\"><rect width=\"40\" height=\"40\" rx=\"8\" fill=\"currentColor\" opacity=\"0.1\" \/><path d=\"M20 12v16M12 20h16\" stroke=\"currentColor\" stroke-width=\"2\" stroke-linecap=\"round\" \/><\/svg>\t<\/div>\n\t<h3 class=\"service-title\">Est\u00e8tica dental <\/h3>\n\t<p class=\"service-description\">Millorem l&#039;aspecte del vostre somriure amb t\u00e8cniques avan\u00e7ades. <\/p>\n<\/div>\n\n\t\t\t<\/div>\n\t\t<\/div>\n\t<\/div>\n<\/section>\n\n<section class=\"stats-section\">\n\t<div class=\"section-container\">\n\t\t<div class=\"stats-layout\">\n\t\t\t<div class=\"stats-content\">\n\t\t\t\t<div class=\"stats-badge-large\">\n\t\t\t\t\t<div class=\"stats-number-large\"><\/div>\n\t\t\t\t\t<div class=\"stats-label-large\"><\/div>\n\t\t\t\t<\/div>\n\t\t\t\t<h2 class=\"section-title-white\">El nostre proc\u00e9s d&#039;atenci\u00f3 al pacient<\/h2>\n\t\t\t\t\t\t\t\t\t<p class=\"stats-text\">Cada pacient \u00e9s \u00fanic i mereix una atenci\u00f3 personalitzada. Per aix\u00f2, a la nostra cl\u00ednica seguim un proc\u00e9s acurat que garanteix els millors resultats.<\/p>\n\t\t\t\t\t\t\t\t<ul class=\"stats-list\">\n\t\t\t\t\t\t\t\t\t\t\t\t\t\t\t\t\t\t\t<\/ul>\n\t\t\t<\/div>\n\t\t\t<div class=\"stats-image\">\n\t\t\t\t\t\t\t\t\t<img decoding=\"async\" src=\"https:\/\/mateujofreterrassa.wp1.rwdesarrollos.es\/wp-content\/uploads\/2026\/02\/353792188_764110875499873_6480857104754386073_n.jpg\" alt=\"Cl\u00ednica Dental Jofre - Experi\u00e8ncia i professionalitat a Terrassa\" style=\"width: 100%; aspect-ratio: 4\/3; border-radius: var(--radius-xl); object-fit: cover;\" loading=\"lazy\">\n\t\t\t\t\t\t\t<\/div>\n\t\t<\/div>\n\t<\/div>\n<\/section>\n\n<section class=\"additional-services-section\">\n\t<div class=\"section-container\">\n\t\t<h2 class=\"section-title-center\">Descobreix m\u00e9s sobre els nostres serveis<\/h2>\n\t\t<p class=\"section-subtitle-center\">Solucions dentals integrals per cuidar la teva salut bucodental en cada etapa de la vida.<\/p>\n\t\t<div class=\"plans-grid\">\n\t\t\t\n\n<div class=\"plan-card\">\n\t\t<div class=\"plan-icon\">\n\t\t<svg width=\"48\" height=\"48\" viewBox=\"0 0 48 48\" fill=\"none\" xmlns=\"http:\/\/www.w3.org\/2000\/svg\"><circle cx=\"24\" cy=\"24\" r=\"20\" fill=\"currentColor\" \/><path d=\"M24 16v16M16 24h16\" stroke=\"currentColor\" stroke-width=\"2.5\" stroke-linecap=\"round\" \/><\/svg>\t<\/div>\n\t<h3 class=\"plan-title\">Odontopediatria<\/h3>\n\t<p class=\"plan-description\">Cura dental especialitzada per als m\u00e9s petits de la casa, amb un tracte proper i amable.<\/p>\n\t<ul class=\"plan-features\">\n\t\t\t\t\t<li>Primera visita gratu\u00efta<\/li>\n\t\t\t\t\t\t\t<li>Tractaments preventius<\/li>\n\t\t\t\t\t\t\t<li>Educaci\u00f3 bucodental<\/li>\n\t\t\t<\/ul>\n<\/div>\n\n\n\n<div class=\"plan-card\">\n\t\t<div class=\"plan-icon\">\n\t\t<svg width=\"48\" height=\"48\" viewBox=\"0 0 48 48\" fill=\"none\" xmlns=\"http:\/\/www.w3.org\/2000\/svg\"><circle cx=\"24\" cy=\"24\" r=\"20\" fill=\"currentColor\" \/><path d=\"M24 16v16M16 24h16\" stroke=\"currentColor\" stroke-width=\"2.5\" stroke-linecap=\"round\" \/><\/svg>\t<\/div>\n\t<h3 class=\"plan-title\">Endod\u00f2ncia<\/h3>\n\t<p class=\"plan-description\">Tractaments per preservar parts de dents que estan danyades.<\/p>\n\t<ul class=\"plan-features\">\n\t\t\t\t\t<li>Diagn\u00f2stic prec\u00eds<\/li>\n\t\t\t\t\t\t\t<li>Alleujament del dolor<\/li>\n\t\t\t\t\t\t\t<li>Conservaci\u00f3 dental<\/li>\n\t\t\t<\/ul>\n<\/div>\n\n\n\n<div class=\"plan-card\">\n\t\t<div class=\"plan-icon\">\n\t\t<svg width=\"48\" height=\"48\" viewBox=\"0 0 48 48\" fill=\"none\" xmlns=\"http:\/\/www.w3.org\/2000\/svg\"><circle cx=\"24\" cy=\"24\" r=\"20\" fill=\"currentColor\" \/><path d=\"M24 16v16M16 24h16\" stroke=\"currentColor\" stroke-width=\"2.5\" stroke-linecap=\"round\" \/><\/svg>\t<\/div>\n\t<h3 class=\"plan-title\">Period\u00f2ncia<\/h3>\n\t<p class=\"plan-description\">Cura i tractament de les genives i dels teixits de suport.<\/p>\n\t<ul class=\"plan-features\">\n\t\t\t\t\t<li>Prevenci\u00f3n<\/li>\n\t\t\t\t\t\t\t<li>Tractaments avan\u00e7ats<\/li>\n\t\t\t\t\t\t\t<li>Seguiment professional<\/li>\n\t\t\t<\/ul>\n<\/div>\n\n\t\t<\/div>\n\t\t<div class=\"section-button-center\">\n\t\t\t<a href=\"https:\/\/mateujofreterrassa.wp1.rwdesarrollos.es\/ca\/servicios\/\" class=\"btn btn--primary\">\n\t\t\t\tServeis\t\t\t<\/a>\n\t\t<\/div>\n\t<\/div>\n<\/section>\n\n<div class=\"wp-block-group contact-home\"><div class=\"wp-block-group__inner-container is-layout-constrained wp-block-group-is-layout-constrained\">\n<div class=\"wp-block-columns is-layout-flex wp-container-core-columns-is-layout-5f303674 wp-block-columns-is-layout-flex\" style=\"padding-right:1.5rem;padding-left:1.5rem\">\n<div class=\"wp-block-column is-layout-flow wp-block-column-is-layout-flow\">\n<h2 class=\"wp-block-heading has-large-font-size\" style=\"font-weight:700\">Dades de contacte<\/h2>\n\n\n\n<p class=\"has-text-color\" style=\"color:#666666\">A Wisdom Cl\u00ednica Dental Jofre, estarem encantats d&#8217;atendre&#8217;us. No dubteu a posar-vos en contacte amb nosaltres a trav\u00e9s de qualsevol d&#8217;aquests canals.<\/p>\n\n\n\n<ul style=\"color:#1a1a1a;margin-top:1.5rem;margin-bottom:2rem;line-height:2.2\" class=\"wp-block-list has-text-color\">\n<li>\ud83d\udccd Carrer Fassers n\u00ba 2, local 5-E, Alc\u00fadia, Mallorca<\/li>\n\n\n\n<li>\ud83d\udcde 971 37 63 27<\/li>\n\n\n\n<li>\u2709\ufe0f wisdomclinicadental@gmail.com<\/li>\n<\/ul>\n\n\n\n<h3 class=\"wp-block-heading\" style=\"font-weight:700\">Horario<\/h3>\n\n\n\n<p class=\"has-text-color\" style=\"color:#666666\">Estem oberts de dilluns a divendres durant les hores seg\u00fcents:<\/p>\n\n\n\n<p class=\"has-text-color\" style=\"color:#666666\">Dilluns i dimecres: d&#8217;11:00 a 19:00<br\/>Dimarts, dijous i divendres: de 10:00 a 18:00<\/p>\n\n\n\n<div style=\"height:24px\" aria-hidden=\"true\" class=\"wp-block-spacer\"><\/div>\n\n\n\n<div class=\"wp-block-group\"><div class=\"wp-block-group__inner-container is-layout-flow wp-block-group-is-layout-flow\">\n<h3 class=\"wp-block-heading has-text-align-left\" style=\"font-weight:700\">Contacte r\u00e0pid<\/h3>\n\n\n\n<p class=\"has-text-align-left has-text-color\" style=\"color:#666666;margin-bottom:1.5rem\">Preferiu contactar-nos directament? Utilitza aquests enlla\u00e7os r\u00e0pids.<\/p>\n\n\n\n<div class=\"wp-block-buttons is-horizontal is-content-justification-left is-layout-flex wp-container-core-buttons-is-layout-f5bac899 wp-block-buttons-is-layout-flex\">\n<div class=\"wp-block-button\"><a class=\"wp-block-button__link has-text-color has-background wp-element-button\" href=\"tel:+34971376327\" style=\"border-radius:0.75rem;color:#ffffff;background-color:#0d4d4a;padding-top:0.85rem;padding-right:2rem;padding-bottom:0.85rem;padding-left:2rem;font-weight:600\">\ud83d\udcde Truqui ara<\/a><\/div>\n\n\n\n<div class=\"wp-block-button\"><a class=\"wp-block-button__link has-text-color has-background wp-element-button\" href=\"#\" style=\"border-radius:0.75rem;color:#0a1628;background-color:#4ade80;padding-top:0.85rem;padding-right:2rem;padding-bottom:0.85rem;padding-left:2rem;font-weight:600\">\ud83d\udcac Escriu per WhatsApp<\/a><\/div>\n<\/div>\n<\/div><\/div>\n<\/div>\n\n\n\n<div class=\"wp-block-column is-layout-flow wp-block-column-is-layout-flow\">\n<h2 class=\"wp-block-heading has-large-font-size\" style=\"font-weight:700\">Sol\u00b7licita una cita<\/h2>\n\n\n\n<p class=\"has-text-color\" style=\"color:#666666\">Ompliu el formulari i ens posarem en contacte amb vost\u00e8 tan aviat com sigui possible.<\/p>\n\n\n\n<div class=\"wp-block-contact-form-7-contact-form-selector\">\n<div class=\"wpcf7 no-js\" id=\"wpcf7-f16835-o1\" lang=\"ca\" dir=\"ltr\" data-wpcf7-id=\"16835\">\n<div class=\"screen-reader-response\"><p role=\"status\" aria-live=\"polite\" aria-atomic=\"true\"><\/p> <ul><\/ul><\/div>\n<form action=\"\/ca\/wp-json\/wp\/v2\/pages\/16610#wpcf7-f16835-o1\" method=\"post\" class=\"wpcf7-form init\" aria-label=\"Formulari de contacte\" novalidate=\"novalidate\" data-status=\"init\">\n<fieldset class=\"hidden-fields-container\"><input type=\"hidden\" name=\"_wpcf7\" value=\"16835\" \/><input type=\"hidden\" name=\"_wpcf7_version\" value=\"6.1.5\" \/><input type=\"hidden\" name=\"_wpcf7_locale\" value=\"ca\" \/><input type=\"hidden\" name=\"_wpcf7_unit_tag\" value=\"wpcf7-f16835-o1\" \/><input type=\"hidden\" name=\"_wpcf7_container_post\" value=\"0\" \/><input type=\"hidden\" name=\"_wpcf7_posted_data_hash\" value=\"\" \/>\n<\/fieldset>\n<p><label>El teu nom<\/label><span class=\"wpcf7-form-control-wrap\" data-name=\"your-name\"><input size=\"40\" maxlength=\"400\" class=\"wpcf7-form-control wpcf7-text wpcf7-validates-as-required\" autocomplete=\"name\" aria-required=\"true\" aria-invalid=\"false\" value=\"\" type=\"text\" name=\"your-name\" \/><\/span>\n<\/p>\n<p><label>El teu correu electr\u00f2nic<\/label><span class=\"wpcf7-form-control-wrap\" data-name=\"your-email\"><input size=\"40\" maxlength=\"400\" class=\"wpcf7-form-control wpcf7-email wpcf7-validates-as-required wpcf7-text wpcf7-validates-as-email\" autocomplete=\"email\" aria-required=\"true\" aria-invalid=\"false\" value=\"\" type=\"email\" name=\"your-email\" \/><\/span>\n<\/p>\n<p><label>El teu missatge (opcional)<\/label><span class=\"wpcf7-form-control-wrap\" data-name=\"your-message\"><textarea cols=\"40\" rows=\"10\" maxlength=\"2000\" class=\"wpcf7-form-control wpcf7-textarea\" aria-invalid=\"false\" name=\"your-message\"><\/textarea><\/span>\n<\/p>\n<p><span class=\"wpcf7-form-control-wrap\" data-name=\"acceptance-rgpd\"><span class=\"wpcf7-form-control wpcf7-acceptance\"><span class=\"wpcf7-list-item\"><label><input type=\"checkbox\" name=\"acceptance-rgpd\" value=\"1\" aria-invalid=\"false\" \/><span class=\"wpcf7-list-item-label\">Accepto la Pol\u00edtica de privacitat i el tractament de les meves dades per gestionar la meva consulta.<\/span><\/label><\/span><\/span><\/span>\n<\/p>\n<p><input class=\"wpcf7-form-control wpcf7-submit has-spinner\" type=\"submit\" value=\"Enviar\" \/>\n<\/p><div class=\"wpcf7-response-output\" aria-hidden=\"true\"><\/div>\n<\/form>\n<\/div>\n<\/div>\n<\/div>\n<\/div>\n<\/div><\/div>\n","protected":false},"excerpt":{"rendered":"","protected":false},"author":1,"featured_media":0,"parent":0,"menu_order":0,"comment_status":"closed","ping_status":"closed","template":"","meta":{"footnotes":""},"class_list":["post-16610","page","type-page","status-publish","hentry"],"_links":{"self":[{"href":"https:\/\/mateujofreterrassa.wp1.rwdesarrollos.es\/ca\/wp-json\/wp\/v2\/pages\/16610","targetHints":{"allow":["GET"]}}],"collection":[{"href":"https:\/\/mateujofreterrassa.wp1.rwdesarrollos.es\/ca\/wp-json\/wp\/v2\/pages"}],"about":[{"href":"https:\/\/mateujofreterrassa.wp1.rwdesarrollos.es\/ca\/wp-json\/wp\/v2\/types\/page"}],"author":[{"embeddable":true,"href":"https:\/\/mateujofreterrassa.wp1.rwdesarrollos.es\/ca\/wp-json\/wp\/v2\/users\/1"}],"replies":[{"embeddable":true,"href":"https:\/\/mateujofreterrassa.wp1.rwdesarrollos.es\/ca\/wp-json\/wp\/v2\/comments?post=16610"}],"version-history":[{"count":25,"href":"https:\/\/mateujofreterrassa.wp1.rwdesarrollos.es\/ca\/wp-json\/wp\/v2\/pages\/16610\/revisions"}],"predecessor-version":[{"id":16906,"href":"https:\/\/mateujofreterrassa.wp1.rwdesarrollos.es\/ca\/wp-json\/wp\/v2\/pages\/16610\/revisions\/16906"}],"wp:attachment":[{"href":"https:\/\/mateujofreterrassa.wp1.rwdesarrollos.es\/ca\/wp-json\/wp\/v2\/media?parent=16610"}],"curies":[{"name":"wp","href":"https:\/\/api.w.org\/{rel}","templated":true}]}}