{"id":16655,"date":"2026-02-11T07:28:17","date_gmt":"2026-02-11T06:28:17","guid":{"rendered":"https:\/\/mateujofreterrassa.wp1.rwdesarrollos.es\/declaracio-daccessibilitat\/"},"modified":"2026-02-11T07:34:13","modified_gmt":"2026-02-11T06:34:13","slug":"declaracio-daccessibilitat","status":"publish","type":"page","link":"https:\/\/mateujofreterrassa.wp1.rwdesarrollos.es\/ca\/declaracio-daccessibilitat\/","title":{"rendered":"Declaraci\u00f3 d&#8217;accessibilitat."},"content":{"rendered":"\n<p>Wisdom Jofre Dental Clinic es compromet a fer accessible el seu lloc <a href=\"https:\/\/www.wisdomclinicadentaljofre.com\/\" target=\"_blank\" rel=\"noreferrer noopener\">web<\/a>, d&#8217;acord amb el Reial Decret 1112\/2018, de 7 de setembre. , d&#8217;acord amb el Reial Decret 1112\/2018, de 7 de setembre, sobre l&#8217;accessibilitat dels llocs web i les aplicacions per a dispositius m\u00f2bils del sector p\u00fablic.<\/p>\n\n<p>Aquesta declaraci\u00f3 d&#8217;accessibilitat s&#8217;aplica al lloc web <a href=\"https:\/\/www.wisdomclinicadentaljofre.com\/\" target=\"_blank\" rel=\"noreferrer noopener\">https:\/\/www.wisdomclinicadentaljofre.com\/<\/a>.<\/p>\n\n<p>Aquest lloc web compleix plenament amb <strong>RD 1112\/2018<\/strong>.<\/p>\n\n<p>Aquesta declaraci\u00f3 es va preparar el 23 de juliol de 2024.<br\/>El m\u00e8tode utilitzat per preparar la declaraci\u00f3 va ser una autoavaluaci\u00f3 realitzada per l&#8217;organitzaci\u00f3 mateixa.<br\/>Darrera revisi\u00f3 de la declaraci\u00f3: 23 de juliol de 2024.<\/p>\n","protected":false},"excerpt":{"rendered":"<p>Wisdom Jofre Dental Clinic es compromet a fer accessible el seu lloc web, d&#8217;acord amb el Reial Decret 1112\/2018, de 7 de setembre. , d&#8217;acord amb el Reial Decret 1112\/2018,&hellip;<\/p>\n","protected":false},"author":1,"featured_media":0,"parent":0,"menu_order":0,"comment_status":"closed","ping_status":"closed","template":"","meta":{"footnotes":""},"class_list":["post-16655","page","type-page","status-publish","hentry"],"_links":{"self":[{"href":"https:\/\/mateujofreterrassa.wp1.rwdesarrollos.es\/ca\/wp-json\/wp\/v2\/pages\/16655","targetHints":{"allow":["GET"]}}],"collection":[{"href":"https:\/\/mateujofreterrassa.wp1.rwdesarrollos.es\/ca\/wp-json\/wp\/v2\/pages"}],"about":[{"href":"https:\/\/mateujofreterrassa.wp1.rwdesarrollos.es\/ca\/wp-json\/wp\/v2\/types\/page"}],"author":[{"embeddable":true,"href":"https:\/\/mateujofreterrassa.wp1.rwdesarrollos.es\/ca\/wp-json\/wp\/v2\/users\/1"}],"replies":[{"embeddable":true,"href":"https:\/\/mateujofreterrassa.wp1.rwdesarrollos.es\/ca\/wp-json\/wp\/v2\/comments?post=16655"}],"version-history":[{"count":1,"href":"https:\/\/mateujofreterrassa.wp1.rwdesarrollos.es\/ca\/wp-json\/wp\/v2\/pages\/16655\/revisions"}],"predecessor-version":[{"id":16656,"href":"https:\/\/mateujofreterrassa.wp1.rwdesarrollos.es\/ca\/wp-json\/wp\/v2\/pages\/16655\/revisions\/16656"}],"wp:attachment":[{"href":"https:\/\/mateujofreterrassa.wp1.rwdesarrollos.es\/ca\/wp-json\/wp\/v2\/media?parent=16655"}],"curies":[{"name":"wp","href":"https:\/\/api.w.org\/{rel}","templated":true}]}}